{"id":261,"date":"2024-10-30T15:22:54","date_gmt":"2024-10-30T14:22:54","guid":{"rendered":"https:\/\/www.finquesbonallar.com\/legal-notice\/"},"modified":"2026-04-22T12:21:42","modified_gmt":"2026-04-22T10:21:42","slug":"aviso-legal","status":"publish","type":"page","link":"https:\/\/www.finquesbonallar.com\/es\/aviso-legal\/","title":{"rendered":"Aviso legal"},"content":{"rendered":"\t\t<div data-elementor-type=\"wp-page\" data-elementor-id=\"261\" class=\"elementor elementor-261\" data-elementor-post-type=\"page\">\n\t\t\t\t<div class=\"elementor-element elementor-element-1633dd89 e-flex e-con-boxed e-con e-parent\" data-id=\"1633dd89\" data-element_type=\"container\" data-e-type=\"container\">\n\t\t\t\t\t<div class=\"e-con-inner\">\n\t\t\t\t<div class=\"elementor-element elementor-element-1e614558 elementor-widget elementor-widget-text-editor\" data-id=\"1e614558\" data-element_type=\"widget\" data-e-type=\"widget\" data-widget_type=\"text-editor.default\">\n\t\t\t\t<div class=\"elementor-widget-container\">\n\t\t\t\t\t\t\t\t\t<p>En cumplimiento de lo establecido en el art. 10 de la Ley 34\/2002, de 11 de julio, de Servicios de la Sociedad de la Informaci\u00f3n y Comercio Electr\u00f3nico (LSSI-CE), se informa que este Web site es titularidad de la empresa Finques Bonallar<\/p>\n<p><strong>Raz\u00f3n social<\/strong>: Finques Bonallar S.L.<br><strong>Direcci\u00f3n<\/strong>: Carrer Bonavista, 10, local 4, 08110 Montcada i Reixac, Barcelona<br><strong>CIF<\/strong>:&nbsp;<span style=\"color: rgb(44, 54, 58); font-family: Roboto, sans-serif; font-size: 14px;\"><b>B66985334<\/b><\/span><br><strong>Tel\u00e9fono<\/strong>: +34 935 13 82 89 <br><strong>E-mail contacto: <\/strong><strong>info@finquesbonallar.com<\/strong><\/p>\n<p>Para la utilizaci\u00f3n de la P\u00e1gina se requiere la aceptaci\u00f3n expresa del usuario de todas y cada una de las cl\u00e1usulas que se indican en el presente Aviso Legal, as\u00ed como de cada una de las advertencias o cl\u00e1usulas espec\u00edficas que se establezcan para la contrataci\u00f3n de determinados servicios, productos o uso de zonas de la P\u00e1gina.<\/p>\n<p>En caso de no aceptar las cl\u00e1usulas establecidas en el presente Aviso Legal, el usuario deber\u00e1 abstenerse de acceder y\/o utilizar los servicios y\/o contenidos puestos a su disposici\u00f3n en la P\u00e1gina, procediendo a abandonar la misma.<\/p>\n<p><strong>USO DE LA P\u00c1GINA<\/strong><\/p>\n<p>El usuario se obliga a no utilizar la P\u00e1gina para la realizaci\u00f3n de actividades contrarias a las leyes, a la moral, al orden p\u00fablico y, en general, a hacer un uso conforme a las condiciones establecidas en el presente Aviso Legal. Asimismo, se obliga a no realizar actividades publicitarias o de explotaci\u00f3n comercial remitiendo mensajes que utilicen una identidad falsa.<\/p>\n<p>La Compa\u00f1\u00eda act\u00faa exclusivamente como responsable de la P\u00e1gina en su condici\u00f3n de prestador de un servicio de informaci\u00f3n sobre sus propios servicios, no haci\u00e9ndose responsable de los contenidos que, en contravenci\u00f3n a las presentes condiciones generales, los usuarios pudieran enviar o publicar, siendo el usuario el \u00fanico responsable de la veracidad y licitud de los mismos.<\/p>\n<p>La Compa\u00f1\u00eda podr\u00e1 interrumpir el servicio de la P\u00e1gina que est\u00e9 siendo utilizado por el usuario y resolver de modo inmediato la relaci\u00f3n con el usuario si detecta un uso de la P\u00e1gina o de cualquiera de los servicios que en el mismo se ofertan que pueda considerar contrario a lo expresado en el presente Aviso Legal<\/p>\n<p><strong>PROPIEDAD INTELECTUAL E INDUSTRIAL<\/strong><\/p>\n<p>La totalidad de esta P\u00e1gina: texto, im\u00e1genes, marcas, gr\u00e1ficos, logotipos, botones, archivos de software, combinaciones de colores, as\u00ed como la estructura, selecci\u00f3n, ordenaci\u00f3n y presentaci\u00f3n de sus contenidos, se encuentra protegida por las leyes sobre Propiedad Intelectual e Industrial, quedando prohibida su reproducci\u00f3n, distribuci\u00f3n, comunicaci\u00f3n p\u00fablica y transformaci\u00f3n, salvo para uso personal y privado.<\/p>\n<p>La Compa\u00f1\u00eda no garantiza que los contenidos sean precisos o libres de error o que el libre uso de los mismos por el usuario no infrinja los derechos de terceras partes. El buen o mal uso de esta p\u00e1gina y de sus contenidos esta bajo la responsabilidad del usuario.<\/p>\n<p>Asimismo, queda prohibida la reproducci\u00f3n, retransmisi\u00f3n, copia, cesi\u00f3n o redifusi\u00f3n, total o parcial, de la informaci\u00f3n contenida en la P\u00e1gina, cualquiera que fuera su finalidad y el medio utilizado para ello, sin autorizaci\u00f3n previa de la Compa\u00f1\u00eda.<\/p>\n<p><strong>ENLACES O LINKS<\/strong><\/p>\n<p>La P\u00e1gina puede incluir enlaces o links a sitios de terceros. Las p\u00e1ginas pertenecientes a terceros no han sido revisadas ni son objeto de controles por parte de la Compa\u00f1\u00eda. En cualquier caso, la Compa\u00f1\u00eda no podr\u00e1 ser considerada responsable de los contenidos de estos sitios web ni de las medidas que se adopten relativas a su privacidad o al tratamiento de sus datos de car\u00e1cter personal.<\/p>\n<p>La Compa\u00f1\u00eda recomienda la lectura detenida de las condiciones de uso y la pol\u00edtica de privacidad de estos sitios.<\/p>\n<p>En caso de estar interesado en activar un enlace a alguna de las p\u00e1ginas de la Compa\u00f1\u00eda deber\u00e1 comunicarlo, obteniendo el consentimiento expreso para crear el enlace. La Compa\u00f1\u00eda se reserva el derecho de oposici\u00f3n a la activaci\u00f3n de enlaces con su sitio web.<\/p>\n<p><strong>MENORES DE EDAD<\/strong><\/p>\n<p>La Compa\u00f1\u00eda recuerda a los usuarios mayores de edad, que tengan a su cargo menores, que ser\u00e1 de su exclusiva responsabilidad determinar qu\u00e9 servicios y\/o contenidos son inapropiados para la edad de estos \u00faltimos.<\/p>\n<p>La Compa\u00f1\u00eda les informa que existen programas inform\u00e1ticos que permiten filtrar y bloquear el acceso a determinados contenidos y servicios, de tal forma que los padres o tutores, por ejemplo, pueden decidir cu\u00e1les son los contenidos y servicios de Internet a los que los menores pueden tener acceso y cu\u00e1les no.<\/p>\n<p><strong>RESPONSABILIDADES<\/strong><\/p>\n<p>La Compa\u00f1\u00eda no ser\u00e1 responsable directa ni subsidiariamente de:<\/p>\n<p>La calidad del servicio, la velocidad de acceso, el correcto funcionamiento ni la disponibilidad ni continuidad de funcionamiento de la P\u00e1gina.<\/p>\n<p>Los da\u00f1os que puedan causarse en los equipos del usuario por la utilizaci\u00f3n de la P\u00e1gina.<\/p>\n<p>Los casos en que un tercero, quebrantando las medidas de seguridad establecidas, acceda a los mensajes o los&nbsp; utilice&nbsp; para&nbsp; la&nbsp; remisi\u00f3n de&nbsp; virus inform\u00e1ticos.<\/p>\n<p>Los vicios y defectos de toda clase de los contenidos transmitidos, difundidos, almacenados o puestos a disposici\u00f3n.<\/p>\n<p>La licitud, fiabilidad y utilidad de los contenidos que los usuarios transmitan con la utilizaci\u00f3n de la p\u00e1gina o de los servicios en \u00e9l ofertados, as\u00ed como tampoco su veracidad o exactitud. La Compa\u00f1\u00eda no controla la utilizaci\u00f3n que los usuarios hacen de la P\u00e1gina, ni garantiza que lo hagan conforme a lo establecido en el presente Aviso Legal.<\/p>\n<p><strong>A t\u00edtulo enunciativo y con car\u00e1cter no limitativo, el usuario ser\u00e1 responsable de:<\/strong><\/p>\n<p>De&nbsp; los&nbsp; contenidos&nbsp; introducidos&nbsp; por&nbsp; ellos,&nbsp; especialmente&nbsp; de&nbsp; los&nbsp; datos&nbsp; e informaciones introducidos y enviados a la Compa\u00f1\u00eda por medio de la P\u00e1gina o en la P\u00e1gina.<\/p>\n<p>De la realizaci\u00f3n de cualquier tipo de actuaci\u00f3n il\u00edcita, lesiva de derechos, nociva y\/o perjudicial.<\/p>\n<p>De la custodia de su nombre de usuario y password, no debi\u00e9ndose comunicar a terceras personas, en orden a la evitaci\u00f3n de suplantaciones de identidad o facilitaci\u00f3n de datos no veraces o incorrectos.<\/p>\n<p><strong>POLITICA DE PRIVACIDAD Y PROTECCI\u00d3N DE DATOS<\/strong><\/p>\n<p><strong>Finques Bonallar<\/strong> (la Compa\u00f1\u00eda) pone en conocimiento de los usuarios&nbsp; de&nbsp; la&nbsp; p\u00e1gina www.Finques Bonallar.net (la&nbsp; P\u00e1gina)&nbsp; la legislaci\u00f3n vigente en materia de protecci\u00f3n de datos de car\u00e1cter personal, privacidad de los usuarios y el secreto y seguridad de los datos personales.<\/p>\n<p>Para ello se adoptan las medidas de \u00edndole t\u00e9cnica y organizativa necesarias para garantizar la seguridad de los datos de car\u00e1cter personal contenidos en los mismos y para evitar su alteraci\u00f3n, p\u00e9rdida, tratamiento o acceso no autorizado, habida cuenta del estado de la tecnolog\u00eda, la naturaleza de los datos y los riesgos a los que est\u00e1n expuestos.<\/p>\n<p>Los datos personales facilitados ser\u00e1n incluidos en los ficheros, manuales o automatizados registrados en la Agencia Espa\u00f1ola de Protecci\u00f3n de Datos, bajo titularidad de la Compa\u00f1\u00eda, que utilizar\u00e1 para la adecuada gesti\u00f3n de la relaci\u00f3n contractual.<\/p>\n<p>Le informamos que puede ejercitar sus derechos de acceso, rectificaci\u00f3n y cancelaci\u00f3n mediante&nbsp; comunicaci\u00f3n&nbsp; escrita&nbsp; dirigida&nbsp; al&nbsp; correo electr\u00f3nico info@finquesbonallar.com<\/p>\n<p><strong>EXISTE UN LINK ESPECIFICO SOBRE POLITICA DE PRIVACIDAD EN NUESTRA WEB: POLITICA DE PRIVACIDAD.<\/strong><\/p>\n<p>El usuario ser\u00e1 el \u00fanico responsable de la veracidad de los datos facilitados a la Compa\u00f1\u00eda.<\/p>\n<p>La&nbsp; navegaci\u00f3n&nbsp; por&nbsp; la&nbsp; P\u00e1gina&nbsp; deja&nbsp; como&nbsp; rastro&nbsp; la&nbsp; direcci\u00f3n&nbsp; IP&nbsp; asignada&nbsp; por&nbsp; su proveedor de acceso, estos datos \u00fanicamente ser\u00e1n utilizados con la finalidad de elaborar datos estad\u00edsticos de la P\u00e1gina.<\/p>\n<p>La Compa\u00f1\u00eda administra su entorno de servidores de forma adecuada, teniendo una infraestructura firewall&nbsp; de estricto cumplimiento. Utiliza continuamente tecnolog\u00edas actuales para asegurarse de que la confidencialidad y la privacidad de la informaci\u00f3n no est\u00e1 comprometida.<\/p>\n<p><strong>Inclusi\u00f3n Plug ins Redes Sociales ( Facebook)<\/strong><\/p>\n<p>Nuestro sitio web utiliza plug-ins de redes sociales (\u00abplug-ins\u00bb) de la red social facebook.com gestionada por Facebook Inc. sita en 1601 S. California Ave, Palo Alto, CA 94304, EE.UU. Los plug-ins son reconocibles porque tienen el logotipo de Facebook o por el texto \u00abPlug-in de la red social Facebook\u00bb.<\/p>\n<p>Cuando el usuario visite una p\u00e1gina web de nuestro sitio que contenga este bot\u00f3n, su navegador establecer\u00e1 una conexi\u00f3n directa con los servidores de Facebook. El contenido del plug-in se transmite directamente desde Facebook a su navegador y desde el navegador se incorpora a la p\u00e1gina web. De manera que no tenemos ning\u00fan control sobre el tr\u00e1fico de datos que Facebook, con la ayuda de este plug-in, recopila y, seg\u00fan nos consta, informamos a los usuarios de la plataforma de twago de que:<\/p>\n<p>Con la integraci\u00f3n del plug-in, Facebook tiene noticia de que el usuario ha visitado una p\u00e1gina de nuestro sitio web. Si el usuario est\u00e1 autentificado como miembro de Facebook, Facebook puede asociar su visita a su cuenta de Facebook. Si interacciona con los plug-ins, por ejemplo, haciendo clic en el bot\u00f3n \u00abme gusta\u00bb o si sube un comentario, la informaci\u00f3n correspondiente del navegador del usuario ser\u00e1 transmitida directamente a Facebook y all\u00ed se almacenar\u00e1. Si el usuario no es miembro de Facebook, cabe, no obstante, la posibilidad de que Facebook detecte su direcci\u00f3n IP y la almacene.<\/p>\n<p>Para obtener m\u00e1s informaci\u00f3n sobre la finalidad y el alcance de la recopilaci\u00f3n de datos y el posterior procesamiento y utilizaci\u00f3n que Facebook hace de ellos, as\u00ed como de los derechos del usuario en este \u00e1mbito y las diferentes configuraciones para la protecci\u00f3n de la privacidad de los usuarios, visite la p\u00e1gina de Facebook sobre su pol\u00edtica de privacidad http:\/\/www.facebook.com\/policy.php.<\/p>\n<p>Si el usuario es miembro de Facebook y no desea que Facebook recopile datos sobre \u00e9l a trav\u00e9s de nuestro sitio web vinculados con los datos que, como miembro de Facebook, esta empresa ya tiene almacenados, deber\u00e1, antes de visitar nuestra p\u00e1gina, desautentificarse de la cuenta de Facebook.<\/p>\n<p><strong>FUERO<\/strong><\/p>\n<p>El presente Aviso Legal se encuentra redactado en castellano, y se encuentra sometido a la legislaci\u00f3n espa\u00f1ola vigente. Para cualquier tipo de controversia derivada de la utilizaci\u00f3n de los servicios ofrecidos o de los contenidos propios de la P\u00e1gina las partes, con la aceptaci\u00f3n del clausulado establecido en el presente Aviso Legal se someter\u00e1n a los Tribunales y Juzgados competentes de Montcada i Reixac.<\/p>\t\t\t\t\t\t\t\t<\/div>\n\t\t\t\t<\/div>\n\t\t\t\t\t<\/div>\n\t\t\t\t<\/div>\n\t\t\t\t<\/div>\n\t\t","protected":false},"excerpt":{"rendered":"<p>En cumplimiento de lo establecido en el art. 10 de la Ley 34\/2002, de 11 de julio, de Servicios de la Sociedad de la Informaci\u00f3n y Comercio Electr\u00f3nico (LSSI-CE), se informa que este Web site es titularidad de la empresa Finques Bonallar Raz\u00f3n social: Finques Bonallar S.L.Direcci\u00f3n: Carrer Bonavista, 10, local 4, 08110 Montcada i [&hellip;]<\/p>\n","protected":false},"author":1,"featured_media":0,"parent":0,"menu_order":0,"comment_status":"closed","ping_status":"closed","template":"","meta":{"footnotes":""},"class_list":["post-261","page","type-page","status-publish","hentry"],"yoast_head":"<!-- This site is optimized with the Yoast SEO plugin v27.4 - https:\/\/yoast.com\/product\/yoast-seo-wordpress\/ -->\n<title>Aviso legal | Finques Bonallar Montcada<\/title>\n<meta name=\"robots\" content=\"index, follow, max-snippet:-1, max-image-preview:large, max-video-preview:-1\" \/>\n<link rel=\"canonical\" href=\"https:\/\/www.finquesbonallar.com\/es\/aviso-legal\/\" \/>\n<meta property=\"og:locale\" content=\"es_ES\" \/>\n<meta property=\"og:type\" content=\"article\" \/>\n<meta property=\"og:title\" content=\"Aviso legal | Finques Bonallar Montcada\" \/>\n<meta property=\"og:description\" content=\"En cumplimiento de lo establecido en el art. 10 de la Ley 34\/2002, de 11 de julio, de Servicios de la Sociedad de la Informaci\u00f3n y Comercio Electr\u00f3nico (LSSI-CE), se informa que este Web site es titularidad de la empresa Finques Bonallar Raz\u00f3n social: Finques Bonallar S.L.Direcci\u00f3n: Carrer Bonavista, 10, local 4, 08110 Montcada i [&hellip;]\" \/>\n<meta property=\"og:url\" content=\"https:\/\/www.finquesbonallar.com\/es\/aviso-legal\/\" \/>\n<meta property=\"og:site_name\" content=\"Finques Bonallar Montcada\" \/>\n<meta property=\"article:publisher\" content=\"https:\/\/www.facebook.com\/FinquesBonallarMiR\" \/>\n<meta property=\"article:modified_time\" content=\"2026-04-22T10:21:42+00:00\" \/>\n<meta name=\"twitter:card\" content=\"summary_large_image\" \/>\n<meta name=\"twitter:label1\" content=\"Tiempo de lectura\" \/>\n\t<meta name=\"twitter:data1\" content=\"8 minutos\" \/>\n<script type=\"application\/ld+json\" class=\"yoast-schema-graph\">{\"@context\":\"https:\\\/\\\/schema.org\",\"@graph\":[{\"@type\":\"WebPage\",\"@id\":\"https:\\\/\\\/www.finquesbonallar.com\\\/es\\\/aviso-legal\\\/\",\"url\":\"https:\\\/\\\/www.finquesbonallar.com\\\/es\\\/aviso-legal\\\/\",\"name\":\"Aviso legal | Finques Bonallar Montcada\",\"isPartOf\":{\"@id\":\"https:\\\/\\\/www.finquesbonallar.com\\\/es\\\/#website\"},\"datePublished\":\"2024-10-30T14:22:54+00:00\",\"dateModified\":\"2026-04-22T10:21:42+00:00\",\"breadcrumb\":{\"@id\":\"https:\\\/\\\/www.finquesbonallar.com\\\/es\\\/aviso-legal\\\/#breadcrumb\"},\"inLanguage\":\"es\",\"potentialAction\":[{\"@type\":\"ReadAction\",\"target\":[\"https:\\\/\\\/www.finquesbonallar.com\\\/es\\\/aviso-legal\\\/\"]}]},{\"@type\":\"BreadcrumbList\",\"@id\":\"https:\\\/\\\/www.finquesbonallar.com\\\/es\\\/aviso-legal\\\/#breadcrumb\",\"itemListElement\":[{\"@type\":\"ListItem\",\"position\":1,\"name\":\"Portada\",\"item\":\"https:\\\/\\\/www.finquesbonallar.com\\\/es\\\/\"},{\"@type\":\"ListItem\",\"position\":2,\"name\":\"Aviso legal\"}]},{\"@type\":\"WebSite\",\"@id\":\"https:\\\/\\\/www.finquesbonallar.com\\\/es\\\/#website\",\"url\":\"https:\\\/\\\/www.finquesbonallar.com\\\/es\\\/\",\"name\":\"Finques Bonallar\",\"description\":\"\",\"publisher\":{\"@id\":\"https:\\\/\\\/www.finquesbonallar.com\\\/es\\\/#organization\"},\"potentialAction\":[{\"@type\":\"SearchAction\",\"target\":{\"@type\":\"EntryPoint\",\"urlTemplate\":\"https:\\\/\\\/www.finquesbonallar.com\\\/es\\\/?s={search_term_string}\"},\"query-input\":{\"@type\":\"PropertyValueSpecification\",\"valueRequired\":true,\"valueName\":\"search_term_string\"}}],\"inLanguage\":\"es\"},{\"@type\":\"Organization\",\"@id\":\"https:\\\/\\\/www.finquesbonallar.com\\\/es\\\/#organization\",\"name\":\"Finques Bonallar Montcada S.L.\",\"url\":\"https:\\\/\\\/www.finquesbonallar.com\\\/es\\\/\",\"logo\":{\"@type\":\"ImageObject\",\"inLanguage\":\"es\",\"@id\":\"https:\\\/\\\/www.finquesbonallar.com\\\/es\\\/#\\\/schema\\\/logo\\\/image\\\/\",\"url\":\"https:\\\/\\\/www.finquesbonallar.com\\\/wp-content\\\/uploads\\\/2026\\\/04\\\/logo.webp\",\"contentUrl\":\"https:\\\/\\\/www.finquesbonallar.com\\\/wp-content\\\/uploads\\\/2026\\\/04\\\/logo.webp\",\"width\":224,\"height\":224,\"caption\":\"Finques Bonallar Montcada S.L.\"},\"image\":{\"@id\":\"https:\\\/\\\/www.finquesbonallar.com\\\/es\\\/#\\\/schema\\\/logo\\\/image\\\/\"},\"sameAs\":[\"https:\\\/\\\/www.facebook.com\\\/FinquesBonallarMiR\",\"https:\\\/\\\/www.instagram.com\\\/finquesbonallar\\\/\"]}]}<\/script>\n<!-- \/ Yoast SEO plugin. -->","yoast_head_json":{"title":"Aviso legal | Finques Bonallar Montcada","robots":{"index":"index","follow":"follow","max-snippet":"max-snippet:-1","max-image-preview":"max-image-preview:large","max-video-preview":"max-video-preview:-1"},"canonical":"https:\/\/www.finquesbonallar.com\/es\/aviso-legal\/","og_locale":"es_ES","og_type":"article","og_title":"Aviso legal | Finques Bonallar Montcada","og_description":"En cumplimiento de lo establecido en el art. 10 de la Ley 34\/2002, de 11 de julio, de Servicios de la Sociedad de la Informaci\u00f3n y Comercio Electr\u00f3nico (LSSI-CE), se informa que este Web site es titularidad de la empresa Finques Bonallar Raz\u00f3n social: Finques Bonallar S.L.Direcci\u00f3n: Carrer Bonavista, 10, local 4, 08110 Montcada i [&hellip;]","og_url":"https:\/\/www.finquesbonallar.com\/es\/aviso-legal\/","og_site_name":"Finques Bonallar Montcada","article_publisher":"https:\/\/www.facebook.com\/FinquesBonallarMiR","article_modified_time":"2026-04-22T10:21:42+00:00","twitter_card":"summary_large_image","twitter_misc":{"Tiempo de lectura":"8 minutos"},"schema":{"@context":"https:\/\/schema.org","@graph":[{"@type":"WebPage","@id":"https:\/\/www.finquesbonallar.com\/es\/aviso-legal\/","url":"https:\/\/www.finquesbonallar.com\/es\/aviso-legal\/","name":"Aviso legal | Finques Bonallar Montcada","isPartOf":{"@id":"https:\/\/www.finquesbonallar.com\/es\/#website"},"datePublished":"2024-10-30T14:22:54+00:00","dateModified":"2026-04-22T10:21:42+00:00","breadcrumb":{"@id":"https:\/\/www.finquesbonallar.com\/es\/aviso-legal\/#breadcrumb"},"inLanguage":"es","potentialAction":[{"@type":"ReadAction","target":["https:\/\/www.finquesbonallar.com\/es\/aviso-legal\/"]}]},{"@type":"BreadcrumbList","@id":"https:\/\/www.finquesbonallar.com\/es\/aviso-legal\/#breadcrumb","itemListElement":[{"@type":"ListItem","position":1,"name":"Portada","item":"https:\/\/www.finquesbonallar.com\/es\/"},{"@type":"ListItem","position":2,"name":"Aviso legal"}]},{"@type":"WebSite","@id":"https:\/\/www.finquesbonallar.com\/es\/#website","url":"https:\/\/www.finquesbonallar.com\/es\/","name":"Finques Bonallar","description":"","publisher":{"@id":"https:\/\/www.finquesbonallar.com\/es\/#organization"},"potentialAction":[{"@type":"SearchAction","target":{"@type":"EntryPoint","urlTemplate":"https:\/\/www.finquesbonallar.com\/es\/?s={search_term_string}"},"query-input":{"@type":"PropertyValueSpecification","valueRequired":true,"valueName":"search_term_string"}}],"inLanguage":"es"},{"@type":"Organization","@id":"https:\/\/www.finquesbonallar.com\/es\/#organization","name":"Finques Bonallar Montcada S.L.","url":"https:\/\/www.finquesbonallar.com\/es\/","logo":{"@type":"ImageObject","inLanguage":"es","@id":"https:\/\/www.finquesbonallar.com\/es\/#\/schema\/logo\/image\/","url":"https:\/\/www.finquesbonallar.com\/wp-content\/uploads\/2026\/04\/logo.webp","contentUrl":"https:\/\/www.finquesbonallar.com\/wp-content\/uploads\/2026\/04\/logo.webp","width":224,"height":224,"caption":"Finques Bonallar Montcada S.L."},"image":{"@id":"https:\/\/www.finquesbonallar.com\/es\/#\/schema\/logo\/image\/"},"sameAs":["https:\/\/www.facebook.com\/FinquesBonallarMiR","https:\/\/www.instagram.com\/finquesbonallar\/"]}]}},"_links":{"self":[{"href":"https:\/\/www.finquesbonallar.com\/es\/wp-json\/wp\/v2\/pages\/261","targetHints":{"allow":["GET"]}}],"collection":[{"href":"https:\/\/www.finquesbonallar.com\/es\/wp-json\/wp\/v2\/pages"}],"about":[{"href":"https:\/\/www.finquesbonallar.com\/es\/wp-json\/wp\/v2\/types\/page"}],"author":[{"embeddable":true,"href":"https:\/\/www.finquesbonallar.com\/es\/wp-json\/wp\/v2\/users\/1"}],"replies":[{"embeddable":true,"href":"https:\/\/www.finquesbonallar.com\/es\/wp-json\/wp\/v2\/comments?post=261"}],"version-history":[{"count":16,"href":"https:\/\/www.finquesbonallar.com\/es\/wp-json\/wp\/v2\/pages\/261\/revisions"}],"predecessor-version":[{"id":3423,"href":"https:\/\/www.finquesbonallar.com\/es\/wp-json\/wp\/v2\/pages\/261\/revisions\/3423"}],"wp:attachment":[{"href":"https:\/\/www.finquesbonallar.com\/es\/wp-json\/wp\/v2\/media?parent=261"}],"curies":[{"name":"wp","href":"https:\/\/api.w.org\/{rel}","templated":true}]}}